{"id":65,"date":"2025-08-07T07:54:56","date_gmt":"2025-08-07T07:54:56","guid":{"rendered":"https:\/\/proximagestora.org\/?page_id=65"},"modified":"2025-08-07T07:54:56","modified_gmt":"2025-08-07T07:54:56","slug":"politica-de-privacidad","status":"publish","type":"page","link":"https:\/\/proximagestora.org\/index.php\/politica-de-privacidad\/","title":{"rendered":"Pol\u00edtica de privacidad"},"content":{"rendered":"\n<p>De conformidad con lo establecido en la normativa vigente en Protecci\u00f3n de Datos de Car\u00e1cter Personal, le informamos que sus datos ser\u00e1n incorporados al sistema de tratamiento titularidad de PROXIMA Gestora de Viviendas SL , con la finalidad de poder atender los compromisos derivados de la relaci\u00f3n que mantenemos con usted.&nbsp;<\/p>\n\n\n\n<p>\u202fEn cumplimiento con la normativa vigente, PROXIMA Gestora de Viviendas SL informa que los datos ser\u00e1n conservados durante el plazo estrictamente necesario para cumplir con los preceptos mencionados con anterioridad.&nbsp;<\/p>\n\n\n\n<p>\u202fPROXIMA Gestora de Viviendas SL informa que proceder\u00e1 a tratar los datos de manera l\u00edcita, leal, transparente, adecuada, pertinente, limitada, exacta y actualizada. Es por ello que PROXIMA Gestora de Viviendas SL se compromete a adoptar todas las medidas razonables para que estos se supriman o rectifiquen sin dilaci\u00f3n cuando sean inexactos.&nbsp;<\/p>\n\n\n\n<p>\u202fDe acuerdo con los derechos que le confiere la normativa vigente en protecci\u00f3n de datos podr\u00e1 ejercer los derechos de acceso, rectificaci\u00f3n, limitaci\u00f3n de tratamiento, supresi\u00f3n, portabilidad y oposici\u00f3n al tratamiento de sus datos de car\u00e1cter personal as\u00ed como del consentimiento prestado para el tratamiento de los mismos, dirigiendo su petici\u00f3n escrita y firmada, acompa\u00f1ada de Documento de Identidad, dirigida a PROXIMA Gestora de Viviendas SL, C\/ Colegio Procuradores de Murcia, 1, 2\u00aa Planta, 30.011 Murcia, o al correo electr\u00f3nico proxima@proximagestora.org.&nbsp;<\/p>\n\n\n\n<p>Sin perjuicio de lo previsto e indicado en cada uno de los formularios del sitio web, cuando el usuario facilita sus datos de car\u00e1cter personal autoriza expresamente a PROXIMA Gestora de Viviendas SL,\u202f el tratamiento de sus datos personales para las finalidades que en los mismos se indican. PROXIMA Gestora de Viviendas SL incorporar\u00e1 los datos facilitados por el usuario a un fichero titularidad de la misma debidamente comunicado a la Agencia de Protecci\u00f3n de Datos.&nbsp;<\/p>\n\n\n\n<p>\u202fAsimismo, le informamos que tiene usted derecho a reclamar ante la Agencia Espa\u00f1ola de Protecci\u00f3n de Datos:&nbsp;<\/p>\n\n\n\n<p>\u202fC\/ Jorge Juan, 6. 28001-Madrid&nbsp;<\/p>\n\n\n\n<p>Telf.: 901 100 099\/ 91.266.35.1&nbsp;<\/p>\n\n\n\n<p>www.agpd.es.&nbsp;<\/p>\n","protected":false},"excerpt":{"rendered":"<p>De conformidad con lo establecido en la normativa vigente en Protecci\u00f3n de Datos de Car\u00e1cter Personal, le informamos que sus [&hellip;]<\/p>\n","protected":false},"author":2,"featured_media":0,"parent":0,"menu_order":0,"comment_status":"closed","ping_status":"closed","template":"","meta":{"site-sidebar-layout":"default","site-content-layout":"","ast-site-content-layout":"default","site-content-style":"default","site-sidebar-style":"default","ast-global-header-display":"","ast-banner-title-visibility":"","ast-main-header-display":"","ast-hfb-above-header-display":"","ast-hfb-below-header-display":"","ast-hfb-mobile-header-display":"","site-post-title":"","ast-breadcrumbs-content":"","ast-featured-img":"","footer-sml-layout":"","theme-transparent-header-meta":"","adv-header-id-meta":"","stick-header-meta":"","header-above-stick-meta":"","header-main-stick-meta":"","header-below-stick-meta":"","astra-migrate-meta-layouts":"default","ast-page-background-enabled":"default","ast-page-background-meta":{"desktop":{"background-color":"var(--ast-global-color-5)","background-image":"","background-repeat":"repeat","background-position":"center center","background-size":"auto","background-attachment":"scroll","background-type":"","background-media":"","overlay-type":"","overlay-color":"","overlay-opacity":"","overlay-gradient":""},"tablet":{"background-color":"","background-image":"","background-repeat":"repeat","background-position":"center center","background-size":"auto","background-attachment":"scroll","background-type":"","background-media":"","overlay-type":"","overlay-color":"","overlay-opacity":"","overlay-gradient":""},"mobile":{"background-color":"","background-image":"","background-repeat":"repeat","background-position":"center center","background-size":"auto","background-attachment":"scroll","background-type":"","background-media":"","overlay-type":"","overlay-color":"","overlay-opacity":"","overlay-gradient":""}},"ast-content-background-meta":{"desktop":{"background-color":"var(--ast-global-color-4)","background-image":"","background-repeat":"repeat","background-position":"center center","background-size":"auto","background-attachment":"scroll","background-type":"","background-media":"","overlay-type":"","overlay-color":"","overlay-opacity":"","overlay-gradient":""},"tablet":{"background-color":"var(--ast-global-color-4)","background-image":"","background-repeat":"repeat","background-position":"center center","background-size":"auto","background-attachment":"scroll","background-type":"","background-media":"","overlay-type":"","overlay-color":"","overlay-opacity":"","overlay-gradient":""},"mobile":{"background-color":"var(--ast-global-color-4)","background-image":"","background-repeat":"repeat","background-position":"center center","background-size":"auto","background-attachment":"scroll","background-type":"","background-media":"","overlay-type":"","overlay-color":"","overlay-opacity":"","overlay-gradient":""}},"footnotes":""},"class_list":["post-65","page","type-page","status-publish","hentry"],"_links":{"self":[{"href":"https:\/\/proximagestora.org\/index.php\/wp-json\/wp\/v2\/pages\/65","targetHints":{"allow":["GET"]}}],"collection":[{"href":"https:\/\/proximagestora.org\/index.php\/wp-json\/wp\/v2\/pages"}],"about":[{"href":"https:\/\/proximagestora.org\/index.php\/wp-json\/wp\/v2\/types\/page"}],"author":[{"embeddable":true,"href":"https:\/\/proximagestora.org\/index.php\/wp-json\/wp\/v2\/users\/2"}],"replies":[{"embeddable":true,"href":"https:\/\/proximagestora.org\/index.php\/wp-json\/wp\/v2\/comments?post=65"}],"version-history":[{"count":1,"href":"https:\/\/proximagestora.org\/index.php\/wp-json\/wp\/v2\/pages\/65\/revisions"}],"predecessor-version":[{"id":66,"href":"https:\/\/proximagestora.org\/index.php\/wp-json\/wp\/v2\/pages\/65\/revisions\/66"}],"wp:attachment":[{"href":"https:\/\/proximagestora.org\/index.php\/wp-json\/wp\/v2\/media?parent=65"}],"curies":[{"name":"wp","href":"https:\/\/api.w.org\/{rel}","templated":true}]}}